{"id":86,"date":"2024-12-27T20:33:56","date_gmt":"2024-12-27T19:33:56","guid":{"rendered":"https:\/\/rozag.hr\/?page_id=86"},"modified":"2024-12-27T20:45:48","modified_gmt":"2024-12-27T19:45:48","slug":"politika-privatnosti","status":"publish","type":"page","link":"https:\/\/rozag.hr\/index.php\/politika-privatnosti\/","title":{"rendered":"Politika privatnosti"},"content":{"rendered":"\n<p><strong>IT &amp; DIGITAL Consulting<\/strong><br>Adresa: Zagorska 48<br>Broj telefona: +385916072825<br>E-mail: info@rozag.hr<\/p>\n\n\n\n<p>Prikupljamo i obra\u0111ujemo sljede\u0107e osobne identifikatore (zajedni\u010dki osobni podaci):<br>&#8211; Ime i prezime<br>&#8211; E-mail adresa<br>&#8211; IP adresa ili naziv domene ra\u010dunala putem kojeg su pojedinci posjetili va\u0161u web stranicu<br>&#8211; Fotografije (prikaz pojedinaca)<br>&#8211; Video zapisi<br>&#8211; Audio zapisi<\/p>\n\n\n\n<p>Bez obrade va\u0161ih osobnih podataka nismo u mogu\u0107nosti sklopiti ugovor s vama.<\/p>\n\n\n\n<p>Proveli smo stroge sigurnosne mjere kako bismo smanjili rizik od povrede i zlouporabe va\u0161ih osobnih podataka, kao \u0161to su neovla\u0161teno otkrivanje i neovla\u0161ten pristup va\u0161im podacima.<br><br>Oprema\/prostori na kojima pohranjujemo osobne podatke nalaze se u sigurnom okru\u017eenju s ograni\u010denim fizi\u010dkim pristupom (tj. zaklju\u010danom sobom).<br><br>Koristimo vatrozid, sna\u017ene lozinke, antivirusne programe i druge mjere za za\u0161titu osobnih podataka (kao \u0161to su enkripcija i pseudonimizacija).<br><br>Samo ovla\u0161tena osoba ima pristup osobnim podacima, a predmet obrade smo regulirali na\u0161im podzakonskim aktima.<br><br>Redovito organiziramo edukacije o za\u0161titi osobnih podataka za na\u0161e zaposlenike kako bismo ih informirali o njihovim obvezama koje proizlaze iz pravnog okvira za za\u0161titu podataka te kako bismo podigli svijest o za\u0161titi osobnih podataka u na\u0161oj organizaciji.<\/p>\n\n\n\n<p><strong>Pravo na pristup osobnim podacima<\/strong><\/p>\n\n\n\n<p>Imate pravo na pristup svojim osobnim podacima koje obra\u0111ujemo o Vama i mo\u017eete zatra\u017eiti detaljne informacije osobito o njihovoj svrsi obrade, o vrsti\/kategorijama osobnih podataka koji se obra\u0111uju uklju\u010duju\u0107i i uvid u svoje osobne podatke, o primateljima ili kategorijama primatelja te o predvi\u0111enom razdoblju u kojem \u0107e osobni podaci biti pohranjeni. Pristup osobnim podacima mo\u017ee biti ograni\u010den samo u slu\u010dajevima propisanim pravom Unije ili na\u0161im nacionalnim zakonodavstvom odnosno kada se takvim ograni\u010denjem po\u0161tuje bit temeljnih prava i sloboda drugih.<\/p>\n\n\n\n<p><strong>Pravo na ispravak osobnih podataka<\/strong><\/p>\n\n\n\n<p>Imate pravo zatra\u017eiti ispravljanje ili dopunjavanje osobnih podataka ako Va\u0161i podaci&nbsp;nisu to\u010dni, potpuni i a\u017eurni. Da biste to u\u010dinili, po\u0161aljite nam zahtjev. Napominjemo kako je u zahtjevu potrebno specificirati \u0161to konkretno nije to\u010dno, potpuno ili a\u017eurno i u kojem smislu bi navedeno trebalo ispraviti.<\/p>\n\n\n\n<p><strong>Pravo na brisanje<\/strong><\/p>\n\n\n\n<p>Imate pravo tra\u017eiti brisanje osobnih podataka koje se na Vas odnose ako je ispunjen jedan od sljede\u0107ih uvjeta: Va\u0161i osobni podaci vi\u0161e nisu nu\u017eni u odnosu na svrhu u koje smo ih prikupili ili obradili; povukli ste privolu na kojoj se obrada temelji u skladu s \u010dlankom 6. stavkom&nbsp;1. to\u010dkom (a) ili \u010dlankom 9. stavkom 2. to\u010dkom (a) i ako ne postoji druga pravna osnova za obradu; ulo\u017eili ste prigovor na obradu svojih osobnih podataka u skladu sa \u010dlankom 21. stavkom 1. Op\u0107e uredbe o za\u0161titi podataka te ako ne postoje na\u0161i ja\u010di legitimni&nbsp;razlozi za obradu; osobni podaci nezakonito su obra\u0111eni; osobni podaci moraju se brisati radi po\u0161tivanja pravne obveze iz prava Unije ili prava&nbsp;dr\u017eave kojoj podlije\u017ee&nbsp;voditelj obrade, osobni podaci prikupljeni su u vezi s ponudom usluga informacijskog dru\u0161tva iz \u010dlanka 8. stavka 1.<\/p>\n\n\n\n<p><strong>Pravo na ograni\u010denje obrade osobnih podataka<\/strong><\/p>\n\n\n\n<p>Imate pravo ishoditi ograni\u010denje obrade ako: osporavate&nbsp;njihovu to\u010dnost; ako je obrada nezakonita, a protivite se njihovom brisanju; ako voditelj obrade vi\u0161e ne treba osobne podatke ali ste ih zatra\u017eili radi postavljanja, ostvarivanja ili obrane pravnih zahtjeva; ako ste ulo\u017eili prigovor na obradu Va\u0161ih osobnih podataka.<\/p>\n\n\n\n<p><strong>Pravo na prigovor<\/strong><\/p>\n\n\n\n<p>Ako se osobni podaci obra\u0111uju na temelju legitimnog interesa ili u svrhe direktnog marketinga mo\u017eete podnijeti prigovor protiv takve obrade.<\/p>\n\n\n\n<p><strong>Pravo na prenosivost osobnih podataka<\/strong><\/p>\n\n\n\n<p>Imate pravo zaprimiti svoje osobne podatke koje ste prethodno pru\u017eili voditelju obrade, u strukturiranom obliku te u uobi\u010dajeno upotrebljavanom i strojno \u010ditljivom formatu. Imate pravo prenijeti te podatke drugom voditelju obrade bez ometanja od strane voditelja obrade kojem su osobni podaci pru\u017eeni, ako se obrada provodi automatiziranim putem i temelji na privoli ili ugovoru.<\/p>\n\n\n\n<p><br>Navedena prava nisu primjenjiva u mjeri u kojoj je obrada nu\u017ena:&nbsp;radi ostvarivanja prava na slobodu izra\u017eavanja i informiranja; radi po\u0161tovanja pravne obveze kojom se zahtijeva obrada u pravu Unije ili pravu dr\u017eave \u010dlanice kojem podlije\u017ee voditelj obrade ili za izvr\u0161avanje zada\u0107e od javnog interesa ili pri izvr\u0161avanju slu\u017ebene ovlasti voditelja obrade; u svrhe arhiviranja u javnom interesu, u svrhe znanstvenog ili povijesnog istra\u017eivanja ili u statisti\u010dke svrhe u skladu s \u010dlankom 89. stavkom 1. u mjeri u kojoj je vjerojatno da se pravom iz stavka 1. mo\u017ee onemogu\u0107iti ili ozbiljno ugroziti postizanje ciljeva te obrade; ili radi postavljanja, ostvarivanja ili obrane pravnih zahtjeva.<\/p>\n\n\n\n<p><br>Ako se obrada osobnih podataka temelji na privoli, mo\u017eete je povu\u0107i u bilo kojem trenutku. Za povla\u010denje privole kontaktirajte nas na: info@rozag.hr, +385916072825, Zagorska 48, 10000 Zagreb<br><br>Svoja prava mo\u017eete ostvariti besplatno. Na va\u0161 zahtjev odgovorit \u0107emo za mjesec dana.<\/p>\n\n\n\n<p>Va\u0161e podatke dijelimo sa sljede\u0107im primateljima kako bismo vam pru\u017eili na\u0161e usluge. Osobne podatke dijelimo s dobavlja\u010dima tre\u0107ih strana i drugim pru\u017eateljima usluga koji obavljaju funkcije ili usluge u na\u0161e ime i prema na\u0161im uputama kako bismo vam na\u0161e usluge u\u010dinili dostupnima. To uklju\u010duje:<br>&#8211; IT usluge<br>&#8211; Pohranu podataka u oblaku<br>&#8211; Pru\u017eatelji platnih usluga<br>&#8211; Tvrtke za dostavu<br>&#8211; Marketin\u0161ke agencije<br><br>Va\u0161e osobne podatke mo\u017eemo otkriti tre\u0107im stranama kao \u0161to su tijela za sprje\u010davanje prijevara i tijela za provedbu zakona kako bismo po\u0161tovali na\u0161e zakonske obveze.<br><br>Utvrdili smo pravne osnove za otkrivanje va\u0161ih osobnih podataka gore navedenim tre\u0107im stranama i sklopili smo ugovore s na\u0161im dobavlja\u010dima (izvr\u0161iteljima obrade) koji reguliraju obradu va\u0161ih osobnih podataka (u skladu s \u010dlankom 28. Op\u0107e uredbe o za\u0161titi podataka).<\/p>\n\n\n\n<p>Na na\u0161im stranicama koriste se tehni\u010dki kola\u010di\u0107i koji su obavezni kola\u010di\u0107i, ne mogu se isklju\u010diti te su nu\u017eni za funkcioniranje Internet mjesta. Za takve kola\u010di\u0107e nije potrebno tra\u017eiti Va\u0161u privolu. Sve informacije o tome kako obra\u0111ujemo Va\u0161e osobne podatke putem kola\u010di\u0107a mo\u017eete prona\u0107i u nastavku<\/p>\n\n\n\n<p><strong>Cookie scan report by CookieBot<\/strong><br><br>Summary<br>Scan date: &nbsp;24\/12\/2024<br>Domain name: &nbsp;www.rozag.hr<br>Server location: &nbsp;Germany<br>Cookies, in total: &nbsp;2<br><br>Scan result<br>2 cookies were identified.<\/p>\n\n\n\n<figure class=\"wp-block-table\"><table class=\"has-fixed-layout\"><tbody><tr><td>Category: Necessary (2)<\/td><\/tr><tr><td>Necessary cookies help make a website usable by enabling basic functions like page navigation and access to secure areas of the website. The website cannot function properly without these cookies.<\/td><\/tr><\/tbody><\/table><\/figure>\n\n\n\n<figure class=\"wp-block-table\"><table class=\"has-fixed-layout\"><tbody><tr><td><strong>COOKIE NAME<\/strong><\/td><td><strong>PROVIDER<\/strong><\/td><td><strong>TYPE<\/strong><\/td><td><strong>MAXIMUM STORAGE DURATION<\/strong><\/td><\/tr><tr><td><strong>CookieConsent<\/strong><\/td><td>rozag.hr<\/td><td>HTTP<\/td><td>1 year<\/td><\/tr><tr><td colspan=\"4\"><strong>First found URL:&nbsp;<\/strong><a href=\"https:\/\/rozag.hr\/\" target=\"_blank\" rel=\"noreferrer noopener\">https:\/\/rozag.hr\/<\/a> <strong>Cookie purpose description:&nbsp;<\/strong>Stores the user&#8217;s cookie consent state for the current domain<\/td><\/tr><tr><td colspan=\"4\"><strong>Initiator:&nbsp;<\/strong>Script tag<br><strong>Source:<\/strong><\/td><\/tr><tr><td colspan=\"4\"><strong>Data is sent to:&nbsp;<\/strong>Germany (adequate)<\/td><\/tr><tr><td colspan=\"4\">Adequate country under GDPR (EU)<\/td><\/tr><tr><td colspan=\"4\"><\/td><\/tr><tr><td><strong>wpEmojiSettingsSupports<\/strong><\/td><td>rozag.hr<\/td><td>HTML<\/td><td>Session<\/td><\/tr><tr><td colspan=\"4\"><strong>First found URL:&nbsp;<\/strong><a href=\"https:\/\/rozag.hr\/\" target=\"_blank\" rel=\"noreferrer noopener\">https:\/\/rozag.hr\/<\/a> <strong>Cookie purpose description:&nbsp;<\/strong>This cookie is part of a bundle of cookies which serve the purpose of content delivery and presentation. The cookies keep the correct state of font, blog\/picture sliders, color themes and other website settings.<\/td><\/tr><tr><td colspan=\"4\"><strong>Initiator:&nbsp;<\/strong>Page source line number 32<br><strong>Source:&nbsp;<\/strong>Inline script<\/td><\/tr><tr><td colspan=\"4\"><strong>Data is sent to:&nbsp;<\/strong>Germany (adequate)<\/td><\/tr><tr><td colspan=\"4\">Adequate country under GDPR (EU)<\/td><\/tr><\/tbody><\/table><\/figure>\n\n\n\n<p>Ako imate pitanja, nejasno\u0107a ili pritu\u017ebi vezano za to kako koristimo i obra\u0111ujemo va\u0161e osobne podatke, mo\u017eete nam poslati upit\/pritu\u017ebu na <a href=\"mailto:info@rozag.hr\">info@rozag.hr<\/a><br>__________________________________________________________________________________<\/p>\n\n\n\n<p>Imate pravo podnijeti pritu\u017ebu i nadzornom tijelu za za\u0161titu osobnih podataka:<br>Agencija za za\u0161titu osobnih podataka, Selska cesta 136, Zagreb, email: <a href=\"mailto:azop@azop.hr\">azop@azop.hr<\/a><\/p>\n\n\n\n<p><strong>Zadnje a\u017euriranje: 27.12.2024.<\/strong><\/p>\n\n\n\n<ul class=\"wp-block-list\">\n<li>Generirano pomo\u0107u alata Olivia &#8211; virtualna asistentica za uskla\u0111enje s GDPR-om<\/li>\n\n\n\n<li><a href=\"https:\/\/olivia-gdpr-arc.eu\/hr\">https:\/\/olivia-gdpr-arc.eu\/hr<\/a><\/li>\n<\/ul>\n\n\n\n<p><\/p>\n","protected":false},"excerpt":{"rendered":"<p>IT &amp; DIGITAL ConsultingAdresa: Zagorska 48Broj telefona: +385916072825E-mail: info@rozag.hr Prikupljamo i obra\u0111ujemo sljede\u0107e osobne identifikatore (zajedni\u010dki osobni podaci):&#8211; Ime i prezime&#8211; E-mail adresa&#8211; IP adresa ili naziv domene ra\u010dunala putem&hellip;<\/p>\n","protected":false},"author":1,"featured_media":0,"parent":0,"menu_order":0,"comment_status":"closed","ping_status":"closed","template":"","meta":{"footnotes":""},"class_list":["post-86","page","type-page","status-publish","hentry"],"_links":{"self":[{"href":"https:\/\/rozag.hr\/index.php\/wp-json\/wp\/v2\/pages\/86","targetHints":{"allow":["GET"]}}],"collection":[{"href":"https:\/\/rozag.hr\/index.php\/wp-json\/wp\/v2\/pages"}],"about":[{"href":"https:\/\/rozag.hr\/index.php\/wp-json\/wp\/v2\/types\/page"}],"author":[{"embeddable":true,"href":"https:\/\/rozag.hr\/index.php\/wp-json\/wp\/v2\/users\/1"}],"replies":[{"embeddable":true,"href":"https:\/\/rozag.hr\/index.php\/wp-json\/wp\/v2\/comments?post=86"}],"version-history":[{"count":2,"href":"https:\/\/rozag.hr\/index.php\/wp-json\/wp\/v2\/pages\/86\/revisions"}],"predecessor-version":[{"id":89,"href":"https:\/\/rozag.hr\/index.php\/wp-json\/wp\/v2\/pages\/86\/revisions\/89"}],"wp:attachment":[{"href":"https:\/\/rozag.hr\/index.php\/wp-json\/wp\/v2\/media?parent=86"}],"curies":[{"name":"wp","href":"https:\/\/api.w.org\/{rel}","templated":true}]}}